{"id":11,"date":"2021-11-09T21:47:53","date_gmt":"2021-11-09T20:47:53","guid":{"rendered":"https:\/\/transenergy.cz\/?page_id=11"},"modified":"2025-01-03T00:08:07","modified_gmt":"2025-01-02T23:08:07","slug":"o-spolecnosti","status":"publish","type":"page","link":"https:\/\/transenergy.cz\/cs\/o-spolecnosti\/","title":{"rendered":"O spole\u010dnosti"},"content":{"rendered":"<p>Spole\u010dnost TRANSENERGY s.r.o. nab\u00edz\u00ed sv\u00e9 slu\u017eby z\u00e1kazn\u00edk\u016fm od ledna 2013. Jsme mladou a modern\u00ed stavebn\u00ed spole\u010dnost\u00ed, kter\u00e1 se zab\u00fdv\u00e1 zejm\u00e9na v\u00fdstavbou a projektov\u00e1n\u00edm nadzemn\u00edch elektrick\u00fdch veden\u00ed VVN a ZVN v zem\u00edch EU.\u00a0Nov\u011b se zab\u00fdv\u00e1me i v\u00fdstavbou rozvoden VVN a ZVN.<\/p>\n<p>Sv\u00e9 know-how stav\u00edme p\u0159edev\u0161\u00edm na vysok\u00e9 kvalit\u011b odveden\u00e9 pr\u00e1ce a na schopnostech a zku\u0161enostech na\u0161ich zam\u011bstnanc\u016f. Krom osv\u011bd\u010den\u00fdch technologick\u00fdch postup\u016f se sna\u017e\u00edme p\u0159in\u00e1\u0161et i nov\u00e1 a unik\u00e1tn\u00ed \u0159e\u0161en\u00ed s vysok\u00fdm d\u016frazem na BOZP a ochranu \u017eivotn\u00edho prost\u0159ed\u00ed.<\/p>\n<p><strong>Zna\u010dka TRANSENERGY je z\u00e1rukou prvot\u0159\u00eddn\u00ed kvality slu\u017eeb i d\u00edla.<\/strong>\u00a0Sna\u017e\u00edme se co nejv\u00edce vych\u00e1zet vst\u0159\u00edc p\u0159\u00e1n\u00edm na\u0161ich z\u00e1kazn\u00edk\u016f a budujeme dlouhodob\u00e9 a oboustrann\u011b prosp\u011b\u0161n\u00e9 vztahy s na\u0161imi dodavateli.<br \/>\nZvy\u0161ujeme \u00farove\u0148 a spolehlivost p\u0159enosov\u00e9 i distribu\u010dn\u00ed elektrick\u00e9 soustavy.<\/p>\n<p>Jsme dr\u017eiteli certifik\u00e1t\u016f ISO 9001, ISO 14001 a \u010cSN ISO 45001, jejich\u017e dosa\u017een\u00ed pro n\u00e1s nen\u00ed spln\u011bn\u00fdm miln\u00edkem, ale pouze potvrzen\u00edm spr\u00e1vn\u00e9ho sm\u011b\u0159ov\u00e1n\u00ed v oblasti zvy\u0161ov\u00e1n\u00ed kvality na\u0161ich proces\u016f a managementu \u017dP a BOZP.<\/p>\n","protected":false},"excerpt":{"rendered":"<p>Spole\u010dnost TRANSENERGY s.r.o. nab\u00edz\u00ed sv\u00e9 slu\u017eby z\u00e1kazn\u00edk\u016fm od ledna 2013. Jsme mladou a modern\u00ed stavebn\u00ed spole\u010dnost\u00ed, kter\u00e1 se zab\u00fdv\u00e1 zejm\u00e9na&hellip;<\/p>\n","protected":false},"author":1,"featured_media":0,"parent":0,"menu_order":1,"comment_status":"closed","ping_status":"closed","template":"","meta":{"footnotes":""},"class_list":["post-11","page","type-page","status-publish","hentry"],"_links":{"self":[{"href":"https:\/\/transenergy.cz\/cs\/wp-json\/wp\/v2\/pages\/11"}],"collection":[{"href":"https:\/\/transenergy.cz\/cs\/wp-json\/wp\/v2\/pages"}],"about":[{"href":"https:\/\/transenergy.cz\/cs\/wp-json\/wp\/v2\/types\/page"}],"author":[{"embeddable":true,"href":"https:\/\/transenergy.cz\/cs\/wp-json\/wp\/v2\/users\/1"}],"replies":[{"embeddable":true,"href":"https:\/\/transenergy.cz\/cs\/wp-json\/wp\/v2\/comments?post=11"}],"version-history":[{"count":2,"href":"https:\/\/transenergy.cz\/cs\/wp-json\/wp\/v2\/pages\/11\/revisions"}],"predecessor-version":[{"id":623,"href":"https:\/\/transenergy.cz\/cs\/wp-json\/wp\/v2\/pages\/11\/revisions\/623"}],"wp:attachment":[{"href":"https:\/\/transenergy.cz\/cs\/wp-json\/wp\/v2\/media?parent=11"}],"curies":[{"name":"wp","href":"https:\/\/api.w.org\/{rel}","templated":true}]}}