{"id":14,"date":"2021-11-09T21:54:55","date_gmt":"2021-11-09T20:54:55","guid":{"rendered":"https:\/\/transenergy.cz\/?page_id=14"},"modified":"2025-01-10T22:28:54","modified_gmt":"2025-01-10T21:28:54","slug":"sluzby","status":"publish","type":"page","link":"https:\/\/transenergy.cz\/cs\/sluzby\/","title":{"rendered":"Slu\u017eby"},"content":{"rendered":"<h2>ODD\u011aLEN\u00cd V\u00ddSTAVBA<\/h2>\n<p>Realizujeme ve\u0161ker\u00e9 pr\u00e1ce na nadzemn\u00edch elektrick\u00fdch veden\u00edch a rozvodn\u00e1ch VVN a ZVN v\u010d. stavebn\u00edch prac\u00ed na z\u00e1kladech, dov\u00e1\u017eky materi\u00e1lu na stavbu, sestaven\u00ed ocelov\u00fdch konstrukc\u00ed, lezeck\u00fdch a sv\u00e1\u0159e\u010dsk\u00fdch prac\u00ed ve v\u00fd\u0161ce, mont\u00e1\u017e izol\u00e1torov\u00fdch z\u00e1v\u011bs\u016f a ta\u017een\u00ed vodi\u010d\u016f. Krom v\u00fd\u0161e uveden\u00fdch prac\u00ed jsou na\u0161i zku\u0161en\u00ed pracovn\u00edci schopni prov\u00e1d\u011bt lezeck\u00e9 kontroly\u00a0a n\u00e1t\u011brov\u00e9 pr\u00e1ce pod nap\u011bt\u00edm.<\/p>\n<p>V\u0161ichni na\u0161i zam\u011bstnanci maj\u00ed vysokou odbornost, po\u017eadovan\u00e9\u00a0elektro-vzd\u011bl\u00e1n\u00ed a pot\u0159ebnou kvalifikaci. N\u00e1\u0161 \u00fasp\u011bch stoj\u00ed pr\u00e1v\u011b na jejich ka\u017edodenn\u00ed pr\u00e1ci, pro kterou jsou zabezpe\u010deni \u0161pi\u010dkov\u00fdm vybaven\u00edm.<\/p>\n<h2>ODD\u011aLEN\u00cd PROJEKTY<\/h2>\n<p>Pro na\u0161e z\u00e1kazn\u00edky realizujeme ve\u0161ker\u00e9 stupn\u011b projektov\u00fdch dokumentac\u00ed pro v\u00fdstavbu a rekonstrukce nadzemn\u00edch elektrick\u00fdch veden\u00ed VVN a ZVN.<\/p>\n<p>Mimo jin\u00e9 i \u00fazemn\u011b technick\u00e9 studie,\u00a0studie proveditelnosti, dokumentace k zad\u00e1n\u00ed akce, dokumentace pro \u00fazemn\u00ed rozhodnut\u00ed,\u00a0dokumentace pro stavebn\u00ed povolen\u00ed,\u00a0dokumentace pro v\u00fdb\u011br zhotovitele, dokumentace pro prov\u00e1d\u011bn\u00ed stavby, \u010di dokumentace skute\u010dn\u00e9ho proveden\u00ed stavby. Pod\u00edl\u00edme se na realizaci stavby zaji\u0161t\u011bn\u00edm in\u017een\u00fdringu, v\u00fdkonem funkce autorsk\u00e9ho dozoru, gener\u00e1ln\u00edho projektanta a tvorbou provozn\u00ed dokumentace.<\/p>\n<p>V r\u00e1mci projek\u010dn\u00edch prac\u00ed zaji\u0161\u0165ujeme i odborn\u00fd n\u00e1vrh rozpo\u010dtu a harmonogramu prac\u00ed vych\u00e1zej\u00edc\u00ed z re\u00e1ln\u00fdch zku\u0161enost\u00ed na\u0161eho odd\u011blen\u00ed v\u00fdstavby, vypracov\u00e1n\u00ed konstruk\u010dn\u00ed \u010di d\u00edlensk\u00e9 dokumentace sto\u017e\u00e1rov\u00fdch konstrukc\u00ed, autorizovan\u00e9 statick\u00e9, mechanick\u00e9 a elektrick\u00e9 v\u00fdpo\u010dty. Pro v\u00fd\u0161e uveden\u00e9 n\u00e1ro\u010dn\u00e9 v\u00fdpo\u010dty vlastn\u00edme nejen nejmodern\u011bj\u0161\u00ed software, ale vyv\u00edj\u00edme<br \/>\ni vlastn\u00ed programy umo\u017e\u0148uj\u00edc\u00ed vyu\u017eit\u00ed nejmodern\u011bj\u0161\u00edho technick\u00e9ho know-how v r\u00e1mci specifick\u00e9ho zad\u00e1n\u00ed.<\/p>\n<p><strong>Pod\u00edl\u00edme se tak\u00e9 na tvorb\u011b technick\u00fdch norem\u00a0a v\u00fdvoji technick\u00e9ho pozn\u00e1n\u00ed v r\u00e1mci mezin\u00e1rodn\u00ed\u00a0spole\u010dnosti CIGR\u00c9.<\/strong><\/p>\n","protected":false},"excerpt":{"rendered":"<p>ODD\u011aLEN\u00cd V\u00ddSTAVBA Realizujeme ve\u0161ker\u00e9 pr\u00e1ce na nadzemn\u00edch elektrick\u00fdch veden\u00edch a rozvodn\u00e1ch VVN a ZVN v\u010d. stavebn\u00edch prac\u00ed na z\u00e1kladech, dov\u00e1\u017eky&hellip;<\/p>\n","protected":false},"author":1,"featured_media":0,"parent":0,"menu_order":2,"comment_status":"closed","ping_status":"closed","template":"","meta":{"footnotes":""},"class_list":["post-14","page","type-page","status-publish","hentry"],"_links":{"self":[{"href":"https:\/\/transenergy.cz\/cs\/wp-json\/wp\/v2\/pages\/14"}],"collection":[{"href":"https:\/\/transenergy.cz\/cs\/wp-json\/wp\/v2\/pages"}],"about":[{"href":"https:\/\/transenergy.cz\/cs\/wp-json\/wp\/v2\/types\/page"}],"author":[{"embeddable":true,"href":"https:\/\/transenergy.cz\/cs\/wp-json\/wp\/v2\/users\/1"}],"replies":[{"embeddable":true,"href":"https:\/\/transenergy.cz\/cs\/wp-json\/wp\/v2\/comments?post=14"}],"version-history":[{"count":1,"href":"https:\/\/transenergy.cz\/cs\/wp-json\/wp\/v2\/pages\/14\/revisions"}],"predecessor-version":[{"id":625,"href":"https:\/\/transenergy.cz\/cs\/wp-json\/wp\/v2\/pages\/14\/revisions\/625"}],"wp:attachment":[{"href":"https:\/\/transenergy.cz\/cs\/wp-json\/wp\/v2\/media?parent=14"}],"curies":[{"name":"wp","href":"https:\/\/api.w.org\/{rel}","templated":true}]}}