{"id":24,"date":"2021-11-09T22:03:32","date_gmt":"2021-11-09T21:03:32","guid":{"rendered":"https:\/\/transenergy.cz\/?page_id=24"},"modified":"2025-01-10T22:33:23","modified_gmt":"2025-01-10T21:33:23","slug":"prezentacni-videa","status":"publish","type":"page","link":"https:\/\/transenergy.cz\/cs\/reference\/prezentacni-videa\/","title":{"rendered":"Prezenta\u010dn\u00ed videa"},"content":{"rendered":"<p>Videa m\u016f\u017eete sledovat na YouTube kan\u00e1lu spole\u010dnosti TRANSENERGY zde:<\/p>\n<div class=\"videos\">\r\n<div class=\"youtube\"><div><iframe loading=\"lazy\" src=\"https:\/\/www.youtube.com\/embed\/atch?v=9KbBghPeGOc\" frameborder=\"0\" allowfullscreen><\/iframe><\/div><p>Instalace v\u00fdstra\u017en\u00e9ho leteck\u00e9ho zna\u010den\u00ed z&nbsp;vrtuln\u00edku na veden\u00ed 220 kV<\/p><\/div><div class=\"youtube\"><div><iframe loading=\"lazy\" src=\"https:\/\/www.youtube.com\/embed\/atch?v=4-bfG9qeCgE\" frameborder=\"0\" allowfullscreen><\/iframe><\/div><p>Unik\u00e1tn\u00ed \u0159e\u0161en\u00ed ochrany proti dosedu ptactva na veden\u00ed 400 kV (V457 - sto\u017e\u00e1r typu DELTA)<\/p><\/div><div class=\"youtube\"><div><iframe loading=\"lazy\" src=\"https:\/\/www.youtube.com\/embed\/atch?v=J9fD0d2zwuo\" frameborder=\"0\" allowfullscreen><\/iframe><\/div><p>3D POINT CLOUD<\/p><\/div><div class=\"youtube\"><div><iframe loading=\"lazy\" src=\"https:\/\/www.youtube.com\/embed\/atch?v=uj8UL805b9k\" frameborder=\"0\" allowfullscreen><\/iframe><\/div><p>Ta\u017een\u00ed vodi\u010d\u016f<\/p><\/div><div class=\"youtube\"><div><iframe loading=\"lazy\" src=\"https:\/\/www.youtube.com\/embed\/atch?v=k2tEMVFaSbc\" frameborder=\"0\" allowfullscreen><\/iframe><\/div><p>Ta\u017een\u00ed OPGW<\/p><\/div><div class=\"youtube\"><div><iframe loading=\"lazy\" src=\"https:\/\/www.youtube.com\/embed\/atch?v=0gryjLjBAhQ\" frameborder=\"0\" allowfullscreen><\/iframe><\/div><p>Zv\u00fd\u0161en\u00ed sto\u017e\u00e1ru<\/p><\/div><div class=\"youtube\"><div><iframe loading=\"lazy\" src=\"https:\/\/www.youtube.com\/embed\/atch?v=2zj4CE0IDbQ\" frameborder=\"0\" allowfullscreen><\/iframe><\/div><p>V210 mont\u00e1\u017e v\u00fdstra\u017en\u00e9ho leteck\u00e9ho zna\u010den\u00ed<\/p><\/div><\/div>\r\n\n","protected":false},"excerpt":{"rendered":"<p>Videa m\u016f\u017eete sledovat na YouTube kan\u00e1lu spole\u010dnosti TRANSENERGY zde:<\/p>\n","protected":false},"author":1,"featured_media":0,"parent":18,"menu_order":3,"comment_status":"closed","ping_status":"closed","template":"references.php","meta":{"footnotes":""},"class_list":["post-24","page","type-page","status-publish","hentry"],"_links":{"self":[{"href":"https:\/\/transenergy.cz\/cs\/wp-json\/wp\/v2\/pages\/24"}],"collection":[{"href":"https:\/\/transenergy.cz\/cs\/wp-json\/wp\/v2\/pages"}],"about":[{"href":"https:\/\/transenergy.cz\/cs\/wp-json\/wp\/v2\/types\/page"}],"author":[{"embeddable":true,"href":"https:\/\/transenergy.cz\/cs\/wp-json\/wp\/v2\/users\/1"}],"replies":[{"embeddable":true,"href":"https:\/\/transenergy.cz\/cs\/wp-json\/wp\/v2\/comments?post=24"}],"version-history":[{"count":2,"href":"https:\/\/transenergy.cz\/cs\/wp-json\/wp\/v2\/pages\/24\/revisions"}],"predecessor-version":[{"id":631,"href":"https:\/\/transenergy.cz\/cs\/wp-json\/wp\/v2\/pages\/24\/revisions\/631"}],"up":[{"embeddable":true,"href":"https:\/\/transenergy.cz\/cs\/wp-json\/wp\/v2\/pages\/18"}],"wp:attachment":[{"href":"https:\/\/transenergy.cz\/cs\/wp-json\/wp\/v2\/media?parent=24"}],"curies":[{"name":"wp","href":"https:\/\/api.w.org\/{rel}","templated":true}]}}