{"id":31,"date":"2021-11-09T22:07:10","date_gmt":"2021-11-09T21:07:10","guid":{"rendered":"https:\/\/transenergy.cz\/?page_id=31"},"modified":"2025-01-10T22:35:20","modified_gmt":"2025-01-10T21:35:20","slug":"ostatni-zajimave-informace","status":"publish","type":"page","link":"https:\/\/transenergy.cz\/cs\/aktuality\/ostatni-zajimave-informace\/","title":{"rendered":"Ostatn\u00ed zaj\u00edmav\u00e9 informace"},"content":{"rendered":"<p>Spole\u010dnost TRANSENERGY nad r\u00e1mec sv\u00fdch zak\u00e1zek p\u0159isp\u00edv\u00e1 i k v\u00fdvoji a v\u00fdzkumu ve sv\u00e9m oboru. Jej\u00ed zam\u011bstnanci se pod\u00edlej\u00ed na normalizaci \u010desk\u00fdch technick\u00fdch norem, jsou sou\u010d\u00e1st\u00ed mezin\u00e1rodn\u00edch pracovn\u00edch skupin CIGR\u00c9, vyv\u00edjej\u00ed nov\u00e1 a inovativn\u00ed \u0159e\u0161en\u00ed, pod\u011bluj\u00ed se o sv\u00e9 zku\u0161enosti v r\u00e1mci technick\u00fdch konferenc\u00ed a sna\u017e\u00ed se nal\u00e9zat konsenzus nap\u0159\u00ed\u010d celou spole\u010dnost\u00ed pro v\u00fdstavbu liniov\u00fdch staveb s ohledem na \u017eivotn\u00ed prost\u0159ed\u00ed, samospr\u00e1vu a v\u0161echny \u00fa\u010dastn\u00edky \u0159\u00edzen\u00ed.<\/p>\n<p><a href=\"https:\/\/www.youtube.com\/channel\/UCGzKItqd55WLNxm15wjgYKQ\">Kan\u00e1l Transenergy na Youtube<\/a><\/p>\n","protected":false},"excerpt":{"rendered":"<p>Spole\u010dnost TRANSENERGY nad r\u00e1mec sv\u00fdch zak\u00e1zek p\u0159isp\u00edv\u00e1 i k v\u00fdvoji a v\u00fdzkumu ve sv\u00e9m oboru. Jej\u00ed zam\u011bstnanci se pod\u00edlej\u00ed na&hellip;<\/p>\n","protected":false},"author":1,"featured_media":0,"parent":27,"menu_order":2,"comment_status":"closed","ping_status":"closed","template":"","meta":{"footnotes":""},"class_list":["post-31","page","type-page","status-publish","hentry"],"_links":{"self":[{"href":"https:\/\/transenergy.cz\/cs\/wp-json\/wp\/v2\/pages\/31"}],"collection":[{"href":"https:\/\/transenergy.cz\/cs\/wp-json\/wp\/v2\/pages"}],"about":[{"href":"https:\/\/transenergy.cz\/cs\/wp-json\/wp\/v2\/types\/page"}],"author":[{"embeddable":true,"href":"https:\/\/transenergy.cz\/cs\/wp-json\/wp\/v2\/users\/1"}],"replies":[{"embeddable":true,"href":"https:\/\/transenergy.cz\/cs\/wp-json\/wp\/v2\/comments?post=31"}],"version-history":[{"count":1,"href":"https:\/\/transenergy.cz\/cs\/wp-json\/wp\/v2\/pages\/31\/revisions"}],"predecessor-version":[{"id":634,"href":"https:\/\/transenergy.cz\/cs\/wp-json\/wp\/v2\/pages\/31\/revisions\/634"}],"up":[{"embeddable":true,"href":"https:\/\/transenergy.cz\/cs\/wp-json\/wp\/v2\/pages\/27"}],"wp:attachment":[{"href":"https:\/\/transenergy.cz\/cs\/wp-json\/wp\/v2\/media?parent=31"}],"curies":[{"name":"wp","href":"https:\/\/api.w.org\/{rel}","templated":true}]}}