{"id":45,"date":"2021-11-09T22:24:06","date_gmt":"2021-11-09T21:24:06","guid":{"rendered":"https:\/\/transenergy.cz\/?page_id=45"},"modified":"2025-01-10T22:35:54","modified_gmt":"2025-01-10T21:35:54","slug":"kariera","status":"publish","type":"page","link":"https:\/\/transenergy.cz\/cs\/kariera\/","title":{"rendered":"Kari\u00e9ra"},"content":{"rendered":"<p>Jsme rychle se rozv\u00edjej\u00edc\u00ed spole\u010dnost, kter\u00e1 neust\u00e1le hled\u00e1 nov\u00e9 p\u0159\u00edle\u017eitosti a zku\u0161en\u00e9 pracovn\u00edky.<\/p>\n<p>Aktu\u00e1ln\u00ed otev\u0159en\u00e9 pracovn\u00ed pozice jsou n\u00e1sleduj\u00edc\u00ed:<\/p>\n<p><strong>ELEKTROMONT\u00c9R<\/strong><br \/>\n<strong>PROJEKTANT<\/strong><\/p>\n<p>&nbsp;<\/p>\n<p>V p\u0159\u00edpad\u011b, \u017ee m\u00e1te zku\u0161enosti v oboru a hled\u00e1te nejen pr\u00e1ci, ale i skute\u010dn\u00e9 uplatn\u011bn\u00ed sv\u00e9ho talentu a schopnost\u00ed, kontaktujte n\u00e1s pros\u00edm.<\/p>\n<p>+420 257 316 198<br \/>\n<a href=\"mailto:info@transenergy.cz\">info@transenergy.cz<\/a><\/p>\n","protected":false},"excerpt":{"rendered":"<p>Jsme rychle se rozv\u00edjej\u00edc\u00ed spole\u010dnost, kter\u00e1 neust\u00e1le hled\u00e1 nov\u00e9 p\u0159\u00edle\u017eitosti a zku\u0161en\u00e9 pracovn\u00edky. Aktu\u00e1ln\u00ed otev\u0159en\u00e9 pracovn\u00ed pozice jsou n\u00e1sleduj\u00edc\u00ed: ELEKTROMONT\u00c9R&hellip;<\/p>\n","protected":false},"author":1,"featured_media":0,"parent":0,"menu_order":6,"comment_status":"closed","ping_status":"closed","template":"","meta":{"footnotes":""},"class_list":["post-45","page","type-page","status-publish","hentry"],"_links":{"self":[{"href":"https:\/\/transenergy.cz\/cs\/wp-json\/wp\/v2\/pages\/45"}],"collection":[{"href":"https:\/\/transenergy.cz\/cs\/wp-json\/wp\/v2\/pages"}],"about":[{"href":"https:\/\/transenergy.cz\/cs\/wp-json\/wp\/v2\/types\/page"}],"author":[{"embeddable":true,"href":"https:\/\/transenergy.cz\/cs\/wp-json\/wp\/v2\/users\/1"}],"replies":[{"embeddable":true,"href":"https:\/\/transenergy.cz\/cs\/wp-json\/wp\/v2\/comments?post=45"}],"version-history":[{"count":1,"href":"https:\/\/transenergy.cz\/cs\/wp-json\/wp\/v2\/pages\/45\/revisions"}],"predecessor-version":[{"id":598,"href":"https:\/\/transenergy.cz\/cs\/wp-json\/wp\/v2\/pages\/45\/revisions\/598"}],"wp:attachment":[{"href":"https:\/\/transenergy.cz\/cs\/wp-json\/wp\/v2\/media?parent=45"}],"curies":[{"name":"wp","href":"https:\/\/api.w.org\/{rel}","templated":true}]}}