{"id":10,"date":"2021-11-10T14:35:46","date_gmt":"2021-11-10T13:35:46","guid":{"rendered":"https:\/\/transenergy.cz\/de\/?page_id=10"},"modified":"2025-01-10T22:41:05","modified_gmt":"2025-01-10T21:41:05","slug":"uber-die-gesellschaft","status":"publish","type":"page","link":"https:\/\/transenergy.cz\/de\/uber-die-gesellschaft\/","title":{"rendered":"\u00dcber die Gesellschaft"},"content":{"rendered":"<p>Die Gesellschaft TRANSENERGY s.r.o. bietet seit Januar 2013 ihre Dienstleistungen den Kunden an. Wir sind eine junge und moderne Baugesellschaft, die insbesondere im Aufbau und der Projektierung von Hochspannungs- und H\u00f6chstspannungsleitungen in den L\u00e4ndern der EU t\u00e4tig ist.\u00a0Aktuell befassen wir uns auch mit der Errichtung von Schaltanlagen f\u00fcr Hoch- und H\u00f6chstspannung.<\/p>\n<p>Unser Know-how bauen wir vor allem auf die hohe Qualit\u00e4t der abgelieferten Arbeit und auf die F\u00e4higkeiten und Erfahrungen unserer Mitarbeiter auf. Neben den bew\u00e4hrten technologischen Verfahren bem\u00fchen wir uns, auch neue und einzigartige L\u00f6sungen mit hohem Nachdruck auf die Arbeitssicherheit und den Umweltschutz zu \u00fcbertragen.<\/p>\n<p><strong>Die Marke TRANSENERGY ist Garantie f\u00fcr erstklassige Qualit\u00e4t der Dienstleistungen und des Werks.<\/strong>\u00a0Wir bem\u00fchen uns, den W\u00fcnschen unserer Kunden so weit wie m\u00f6glich entgegenzukommen, und wir bauen langfristige und beidseitig nutzbringende Beziehungen zu unseren Lieferanten auf. Wir erh\u00f6hen das Niveau und die Zuverl\u00e4ssigkeit des Strom\u00fcbertragungs- und Vertriebssystems.<\/p>\n<p>Wir sind Inhaber der Zertifikate ISO 9001, ISO 14001 und CSN ISO 45001, deren Erzielung f\u00fcr uns nicht nur ein erf\u00fcllter Meilenstein ist, sondern vor allem die Best\u00e4tigung der richtigen Ausrichtung im Bereich der Erh\u00f6hung der Qualit\u00e4t unserer Prozesse und des Umweltschutz- und Arbeitssicherheitsmanagements ist.<\/p>\n","protected":false},"excerpt":{"rendered":"<p>Die Gesellschaft TRANSENERGY s.r.o. bietet seit Januar 2013 ihre Dienstleistungen den Kunden an. Wir sind eine junge und moderne Baugesellschaft,&hellip;<\/p>\n","protected":false},"author":1,"featured_media":0,"parent":0,"menu_order":1,"comment_status":"closed","ping_status":"closed","template":"","meta":{"footnotes":""},"class_list":["post-10","page","type-page","status-publish","hentry"],"_links":{"self":[{"href":"https:\/\/transenergy.cz\/de\/wp-json\/wp\/v2\/pages\/10"}],"collection":[{"href":"https:\/\/transenergy.cz\/de\/wp-json\/wp\/v2\/pages"}],"about":[{"href":"https:\/\/transenergy.cz\/de\/wp-json\/wp\/v2\/types\/page"}],"author":[{"embeddable":true,"href":"https:\/\/transenergy.cz\/de\/wp-json\/wp\/v2\/users\/1"}],"replies":[{"embeddable":true,"href":"https:\/\/transenergy.cz\/de\/wp-json\/wp\/v2\/comments?post=10"}],"version-history":[{"count":1,"href":"https:\/\/transenergy.cz\/de\/wp-json\/wp\/v2\/pages\/10\/revisions"}],"predecessor-version":[{"id":554,"href":"https:\/\/transenergy.cz\/de\/wp-json\/wp\/v2\/pages\/10\/revisions\/554"}],"wp:attachment":[{"href":"https:\/\/transenergy.cz\/de\/wp-json\/wp\/v2\/media?parent=10"}],"curies":[{"name":"wp","href":"https:\/\/api.w.org\/{rel}","templated":true}]}}