{"id":34,"date":"2021-11-10T14:59:56","date_gmt":"2021-11-10T13:59:56","guid":{"rendered":"https:\/\/transenergy.cz\/de\/?page_id=34"},"modified":"2025-01-10T22:44:15","modified_gmt":"2025-01-10T21:44:15","slug":"interessante-informationen","status":"publish","type":"page","link":"https:\/\/transenergy.cz\/de\/aktualitaten\/interessante-informationen\/","title":{"rendered":"Interessante Informationen"},"content":{"rendered":"<p>Die Gesellschaft TRANSENERGY tr\u00e4gt \u00fcber den Rahmen ihrer Auftr\u00e4ge hinaus auch zur Entwicklung und Forschung in ihrer Sparte bei. Unsere Mitarbeiter nehmen teil an der Normalisierung der tschechischen technischen Normen, sind Bestandteil internationaler Arbeitsgruppen CIGR\u00c9, entwickeln neue und innovative L\u00f6sungen, teilen ihre Erfahrungen im Rahmen technischer Konferenzen mit und versuchen einen Konzerns quer durch die ganze Gesellschaft f\u00fcr den Bau von Linienbauten mit Ber\u00fccksichtigung der Umwelt, Selbstverwaltung und alle Verfahrensteilnehmer zu finden.<\/p>\n<p><a href=\"https:\/\/www.youtube.com\/channel\/UCGzKItqd55WLNxm15wjgYKQ\">https:\/\/www.youtube.com\/channel\/UCGzKItqd55WLNxm15wjgYKQ<\/a><\/p>\n","protected":false},"excerpt":{"rendered":"<p>Die Gesellschaft TRANSENERGY tr\u00e4gt \u00fcber den Rahmen ihrer Auftr\u00e4ge hinaus auch zur Entwicklung und Forschung in ihrer Sparte bei. Unsere&hellip;<\/p>\n","protected":false},"author":1,"featured_media":0,"parent":26,"menu_order":0,"comment_status":"closed","ping_status":"closed","template":"","meta":{"footnotes":""},"class_list":["post-34","page","type-page","status-publish","hentry"],"_links":{"self":[{"href":"https:\/\/transenergy.cz\/de\/wp-json\/wp\/v2\/pages\/34"}],"collection":[{"href":"https:\/\/transenergy.cz\/de\/wp-json\/wp\/v2\/pages"}],"about":[{"href":"https:\/\/transenergy.cz\/de\/wp-json\/wp\/v2\/types\/page"}],"author":[{"embeddable":true,"href":"https:\/\/transenergy.cz\/de\/wp-json\/wp\/v2\/users\/1"}],"replies":[{"embeddable":true,"href":"https:\/\/transenergy.cz\/de\/wp-json\/wp\/v2\/comments?post=34"}],"version-history":[{"count":1,"href":"https:\/\/transenergy.cz\/de\/wp-json\/wp\/v2\/pages\/34\/revisions"}],"predecessor-version":[{"id":566,"href":"https:\/\/transenergy.cz\/de\/wp-json\/wp\/v2\/pages\/34\/revisions\/566"}],"up":[{"embeddable":true,"href":"https:\/\/transenergy.cz\/de\/wp-json\/wp\/v2\/pages\/26"}],"wp:attachment":[{"href":"https:\/\/transenergy.cz\/de\/wp-json\/wp\/v2\/media?parent=34"}],"curies":[{"name":"wp","href":"https:\/\/api.w.org\/{rel}","templated":true}]}}