{"id":30,"date":"2021-11-10T18:59:55","date_gmt":"2021-11-10T17:59:55","guid":{"rendered":"https:\/\/transenergy.cz\/en\/?page_id=30"},"modified":"2025-01-10T22:52:47","modified_gmt":"2025-01-10T21:52:47","slug":"construction-department","status":"publish","type":"page","link":"https:\/\/transenergy.cz\/en\/news\/construction-department\/","title":{"rendered":"Construction Department"},"content":{"rendered":"<p>In 2017 TRANSENERGY came onto the Austrian and Norwegian markets. In Austria we have erected antenna masts, in Norway we took part in connecting the Kvindesdal substation.<\/p>\n<p><strong>Currently we have been completing these jobs:<\/strong><\/p>\n<p>We are carrying out the repairs of support towers and renewals of insulator suspensions at overhead power lines 220 kV stretched between the Opo\u010d\u00ednek Subst. and the\u00a0Sokolnice\u00a0Subst.<\/p>\n<p>We are working at the replacement of phase conductors and combined earthing cable at a 110 kV line between Oslavany Subst. and \u0158\u00edpov Subst. for the company of E.ON Distribuce.<\/p>\n<p>Hired by E.ON Distribuce, we are erecting an overhead 110 kV line designated V1365\/1385 at the section of P\u0159\u00eddol\u00ed &#8211; Kaplice. The job covers specifically: casting concrete for foundations; assembling &amp; erecting the towers; stringing phase conductors and combined earthing cable.<\/p>\n<p>We are now at the stage of preparing a job at V411 &#8211; a replacement of support insulator suspensions at a 420 kV line for the \u010cEPS company.<\/p>\n","protected":false},"excerpt":{"rendered":"<p>In 2017 TRANSENERGY came onto the Austrian and Norwegian markets. In Austria we have erected antenna masts, in Norway we&hellip;<\/p>\n","protected":false},"author":1,"featured_media":0,"parent":28,"menu_order":0,"comment_status":"closed","ping_status":"closed","template":"","meta":{"footnotes":""},"class_list":["post-30","page","type-page","status-publish","hentry"],"_links":{"self":[{"href":"https:\/\/transenergy.cz\/en\/wp-json\/wp\/v2\/pages\/30"}],"collection":[{"href":"https:\/\/transenergy.cz\/en\/wp-json\/wp\/v2\/pages"}],"about":[{"href":"https:\/\/transenergy.cz\/en\/wp-json\/wp\/v2\/types\/page"}],"author":[{"embeddable":true,"href":"https:\/\/transenergy.cz\/en\/wp-json\/wp\/v2\/users\/1"}],"replies":[{"embeddable":true,"href":"https:\/\/transenergy.cz\/en\/wp-json\/wp\/v2\/comments?post=30"}],"version-history":[{"count":1,"href":"https:\/\/transenergy.cz\/en\/wp-json\/wp\/v2\/pages\/30\/revisions"}],"predecessor-version":[{"id":564,"href":"https:\/\/transenergy.cz\/en\/wp-json\/wp\/v2\/pages\/30\/revisions\/564"}],"up":[{"embeddable":true,"href":"https:\/\/transenergy.cz\/en\/wp-json\/wp\/v2\/pages\/28"}],"wp:attachment":[{"href":"https:\/\/transenergy.cz\/en\/wp-json\/wp\/v2\/media?parent=30"}],"curies":[{"name":"wp","href":"https:\/\/api.w.org\/{rel}","templated":true}]}}