{"id":33,"date":"2021-11-10T19:03:09","date_gmt":"2021-11-10T18:03:09","guid":{"rendered":"https:\/\/transenergy.cz\/en\/?page_id=33"},"modified":"2025-01-10T22:52:54","modified_gmt":"2025-01-10T21:52:54","slug":"design-engineering-department","status":"publish","type":"page","link":"https:\/\/transenergy.cz\/en\/news\/design-engineering-department\/","title":{"rendered":"Design engineering department"},"content":{"rendered":"<p><strong>Currently we have been completing these jobs:<\/strong><\/p>\n<p>Working in partnership with the company of OMEXOM GA Energo, we are in the process of developing the Planning Permission documentation and detail-design documentation for the reconstruction of an overhead line 2 x 110 kV between the \u010cesk\u00e1 L\u00edpa &#8211; Dubice Subst. and a new Varnsdord Subst. TRANSENERGY alone takes care of the replacement of a bundled line between \u010cesk\u00e1 L\u00edpa and Nov\u00fd Bor.<\/p>\n<p>Engaged by the company of \u010cEPS, we have completed the Planning Permission documentation and currently continue on documentation required to obtain the Building Permission and on detail-design documentation of entering the international line of V443\/444, 2 x 400 kV, into the new D\u011btmarovice Subst.<\/p>\n<p>We are busy working on a detail design of replacing a 1 x 110 kV overhead line for a 2 x 110 kV line between the Boskovice Subst. and the Letovice Subst. for E.ON Czech Republic. The job covers also obtaining the official permission.<\/p>\n<p>Also under way is the process of developing documentation for the \u010cESP comp. as needed to obtain the Planning and Building Permissions for connecting a 2 x 400 kV line into the Mil\u00edn Subst.<\/p>\n","protected":false},"excerpt":{"rendered":"<p>Currently we have been completing these jobs: Working in partnership with the company of OMEXOM GA Energo, we are in&hellip;<\/p>\n","protected":false},"author":1,"featured_media":0,"parent":28,"menu_order":0,"comment_status":"closed","ping_status":"closed","template":"","meta":{"footnotes":""},"class_list":["post-33","page","type-page","status-publish","hentry"],"_links":{"self":[{"href":"https:\/\/transenergy.cz\/en\/wp-json\/wp\/v2\/pages\/33"}],"collection":[{"href":"https:\/\/transenergy.cz\/en\/wp-json\/wp\/v2\/pages"}],"about":[{"href":"https:\/\/transenergy.cz\/en\/wp-json\/wp\/v2\/types\/page"}],"author":[{"embeddable":true,"href":"https:\/\/transenergy.cz\/en\/wp-json\/wp\/v2\/users\/1"}],"replies":[{"embeddable":true,"href":"https:\/\/transenergy.cz\/en\/wp-json\/wp\/v2\/comments?post=33"}],"version-history":[{"count":1,"href":"https:\/\/transenergy.cz\/en\/wp-json\/wp\/v2\/pages\/33\/revisions"}],"predecessor-version":[{"id":565,"href":"https:\/\/transenergy.cz\/en\/wp-json\/wp\/v2\/pages\/33\/revisions\/565"}],"up":[{"embeddable":true,"href":"https:\/\/transenergy.cz\/en\/wp-json\/wp\/v2\/pages\/28"}],"wp:attachment":[{"href":"https:\/\/transenergy.cz\/en\/wp-json\/wp\/v2\/media?parent=33"}],"curies":[{"name":"wp","href":"https:\/\/api.w.org\/{rel}","templated":true}]}}